{"id":90836,"date":"2021-08-19T08:38:32","date_gmt":"2021-08-19T08:38:32","guid":{"rendered":"https:\/\/divilifecoach.divifixer.com\/?page_id=246794"},"modified":"2025-08-11T13:52:41","modified_gmt":"2025-08-11T13:52:41","slug":"blog-3-column","status":"publish","type":"page","link":"https:\/\/folderedukacije.com\/en\/blog-3-column\/","title":{"rendered":"Blog 3 Column"},"content":{"rendered":"<p>[et_pb_section fb_built=&#8221;1&#8221; _builder_version=&#8221;4.27.4&#8221; _module_preset=&#8221;default&#8221; background_blend=&#8221;overlay&#8221; hover_enabled=&#8221;0&#8221; locked=&#8221;off&#8221; global_colors_info=&#8221;{}&#8221; background_enable_image=&#8221;off&#8221; background_enable_color=&#8221;off&#8221; use_background_color_gradient=&#8221;on&#8221; background_color_gradient_stops=&#8221;#004d48 0%|#3ff3e7 100%&#8221; background_color_gradient_direction=&#8221;90deg&#8221; sticky_enabled=&#8221;0&#8221;][et_pb_row _builder_version=&#8221;4.21.0&#8221; _module_preset=&#8221;default&#8221; custom_padding=&#8221;||0px||false|false&#8221; global_colors_info=&#8221;{}&#8221;][et_pb_column type=&#8221;4_4&#8221; _builder_version=&#8221;4.16&#8221; _module_preset=&#8221;default&#8221; global_colors_info=&#8221;{}&#8221;][et_pb_text _builder_version=&#8221;4.27.4&#8221; _module_preset=&#8221;default&#8221; text_font=&#8221;|600|||||||&#8221; text_text_color=&#8221;#FFFFFF&#8221; text_font_size=&#8221;45px&#8221; text_line_height=&#8221;1.1em&#8221; text_orientation=&#8221;center&#8221; custom_margin=&#8221;||10px||false|false&#8221; hover_enabled=&#8221;0&#8221; text_font_size_tablet=&#8221;40px&#8221; text_font_size_phone=&#8221;35px&#8221; text_font_size_last_edited=&#8221;on|phone&#8221; global_colors_info=&#8221;{}&#8221; sticky_enabled=&#8221;0&#8221;]<\/p>\n<p>BLOG<\/p>\n<p>[\/et_pb_text][\/et_pb_column][\/et_pb_row][\/et_pb_section][et_pb_section fb_built=&#8221;1&#8221; _builder_version=&#8221;4.16&#8221; _module_preset=&#8221;default&#8221; locked=&#8221;off&#8221; global_colors_info=&#8221;{}&#8221;][et_pb_row _builder_version=&#8221;4.21.0&#8221; _module_preset=&#8221;default&#8221; max_width=&#8221;1200px&#8221; custom_padding=&#8221;0px||0px||true|false&#8221; custom_css_main_element=&#8221;display: flex;||align-items: center;&#8221; locked=&#8221;off&#8221; global_colors_info=&#8221;{}&#8221;][et_pb_column type=&#8221;4_4&#8221; _builder_version=&#8221;4.16&#8221; _module_preset=&#8221;default&#8221; global_colors_info=&#8221;{}&#8221;][et_pb_text module_class=&#8221;dct_circle_link&#8221; _builder_version=&#8221;4.27.4&#8221; _module_preset=&#8221;default&#8221; text_font=&#8221;|600|||||||&#8221; text_font_size=&#8221;18px&#8221; text_letter_spacing=&#8221;1px&#8221; text_line_height=&#8221;1.8em&#8221; positioning=&#8221;relative&#8221; text_orientation=&#8221;center&#8221; custom_margin=&#8221;||0px||false|false&#8221; custom_padding=&#8221;||||false|false&#8221; hover_enabled=&#8221;0&#8221; text_font_size_tablet=&#8221;15px&#8221; text_font_size_phone=&#8221;15px&#8221; text_font_size_last_edited=&#8221;on|tablet&#8221; locked=&#8221;off&#8221; global_colors_info=&#8221;{}&#8221; custom_css_before_last_edited=&#8221;on|phone&#8221; sticky_enabled=&#8221;0&#8221;]<\/p>\n<p style=\"text-transform:none;\"\"p1\">Dobrodo\u0161li na moj blog<\/p>\n<p>[\/et_pb_text][et_pb_text module_class=&#8221;dct_title&#8221; _builder_version=&#8221;4.27.4&#8221; _module_preset=&#8221;default&#8221; header_2_font=&#8221;|700|||||||&#8221; header_2_font_size=&#8221;35px&#8221; header_2_line_height=&#8221;1.2em&#8221; text_orientation=&#8221;center&#8221; custom_margin=&#8221;||0px||false|false&#8221; hover_enabled=&#8221;0&#8221; header_2_font_size_tablet=&#8221;38px&#8221; header_2_font_size_phone=&#8221;&#8221; header_2_font_size_last_edited=&#8221;on|phone&#8221; header_2_line_height_tablet=&#8221;1em&#8221; header_2_line_height_phone=&#8221;&#8221; header_2_line_height_last_edited=&#8221;on|tablet&#8221; global_colors_info=&#8221;{}&#8221; sticky_enabled=&#8221;0&#8221;]<\/p>\n<h2>Inspiracija, savjeti i najnovije teme<\/h2>\n<p>[\/et_pb_text][et_pb_text _builder_version=&#8221;4.27.4&#8221; _module_preset=&#8221;default&#8221; text_orientation=&#8221;center&#8221; hover_enabled=&#8221;0&#8221; locked=&#8221;off&#8221; global_colors_info=&#8221;{}&#8221; sticky_enabled=&#8221;0&#8221;]<\/p>\n<p class=\"p1\">Ovdje \u0107ete prona\u0107i sve na\u0161e najnovije i najpopularnije blog postove iz razli\u010ditih oblasti. Bilo da tra\u017eite stru\u010dne savjete, inspirativne pri\u010de ili korisne informacije, na\u0161 blog je mjesto gdje mo\u017eete pro\u0161iriti znanje i pratiti aktuelne trendove. Redovno objavljujemo kvalitetan sadr\u017eaj koji \u0107e vas motivisati, informisati i zabaviti.<\/p>\n<p>[\/et_pb_text][\/et_pb_column][\/et_pb_row][et_pb_row use_custom_gutter=&#8221;on&#8221; gutter_width=&#8221;2&#8221; _builder_version=&#8221;4.21.0&#8221; _module_preset=&#8221;default&#8221; max_width=&#8221;1200px&#8221; custom_padding=&#8221;||0px||false|false&#8221; custom_css_main_element=&#8221;display: flex;||align-items: center;&#8221; locked=&#8221;off&#8221; global_colors_info=&#8221;{}&#8221;][et_pb_column type=&#8221;4_4&#8221; _builder_version=&#8221;4.16&#8221; _module_preset=&#8221;default&#8221; global_colors_info=&#8221;{}&#8221;][et_pb_blog fullwidth=&#8221;off&#8221; posts_number=&#8221;3&#8221; meta_date=&#8221;M j&#8221; excerpt_length=&#8221;100&#8221; show_more=&#8221;on&#8221; show_author=&#8221;off&#8221; show_comments=&#8221;on&#8221; module_class=&#8221;dct_blog&#8221; _builder_version=&#8221;4.21.0&#8221; _module_preset=&#8221;default&#8221; header_font=&#8221;|600|||||||&#8221; header_font_size=&#8221;20px&#8221; header_line_height=&#8221;25px&#8221; meta_font=&#8221;||||||||&#8221; meta_font_size=&#8221;16px&#8221; read_more_font=&#8221;||||||||&#8221; read_more_font_size=&#8221;15px&#8221; custom_css_title=&#8221;color:var(&#8211;color-2);&#8221; border_radii=&#8221;on|10px|10px|10px|10px&#8221; border_radii_image=&#8221;on|5px|5px|5px|5px&#8221; global_colors_info=&#8221;{}&#8221; custom_css_read_more__hover_enabled=&#8221;off|desktop&#8221; custom_css_read_more__hover=&#8221;color: var(&#8211;color-2);||position: relative;||padding-left: 50px;&#8221;][\/et_pb_blog][\/et_pb_column][\/et_pb_row][\/et_pb_section]<\/p>\n","protected":false},"excerpt":{"rendered":"<p>BLOGDobrodo\u0161li na moj blogInspiracija, savjeti i najnovije temeOvdje \u0107ete prona\u0107i sve na\u0161e najnovije i najpopularnije blog postove iz razli\u010ditih oblasti. Bilo da tra\u017eite stru\u010dne savjete, inspirativne pri\u010de ili korisne informacije, na\u0161 blog je mjesto gdje mo\u017eete pro\u0161iriti znanje i pratiti aktuelne trendove. Redovno objavljujemo kvalitetan sadr\u017eaj koji \u0107e vas motivisati, informisati i zabaviti.<\/p>","protected":false},"author":1,"featured_media":0,"parent":0,"menu_order":0,"comment_status":"closed","ping_status":"closed","template":"","meta":{"_et_pb_use_builder":"on","_et_pb_old_content":"","_et_gb_content_width":"","footnotes":""},"class_list":["post-90836","page","type-page","status-publish","hentry"],"yoast_head":"<!-- This site is optimized with the Yoast SEO plugin v27.4 - https:\/\/yoast.com\/product\/yoast-seo-wordpress\/ -->\n<title>Blog 3 Column - Folder edukacije<\/title>\n<meta name=\"robots\" content=\"index, follow, max-snippet:-1, max-image-preview:large, max-video-preview:-1\" \/>\n<link rel=\"canonical\" href=\"https:\/\/folderedukacije.com\/en\/blog-3-column\/\" \/>\n<meta property=\"og:locale\" content=\"en_US\" \/>\n<meta property=\"og:type\" content=\"article\" \/>\n<meta property=\"og:title\" content=\"Blog 3 Column - Folder edukacije\" \/>\n<meta property=\"og:description\" content=\"BLOGDobrodo\u0161li na moj blogInspiracija, savjeti i najnovije temeOvdje \u0107ete prona\u0107i sve na\u0161e najnovije i najpopularnije blog postove iz razli\u010ditih oblasti. Bilo da tra\u017eite stru\u010dne savjete, inspirativne pri\u010de ili korisne informacije, na\u0161 blog je mjesto gdje mo\u017eete pro\u0161iriti znanje i pratiti aktuelne trendove. Redovno objavljujemo kvalitetan sadr\u017eaj koji \u0107e vas motivisati, informisati i zabaviti.\" \/>\n<meta property=\"og:url\" content=\"https:\/\/folderedukacije.com\/en\/blog-3-column\/\" \/>\n<meta property=\"og:site_name\" content=\"Folder edukacije\" \/>\n<meta property=\"article:modified_time\" content=\"2025-08-11T13:52:41+00:00\" \/>\n<meta property=\"og:image\" content=\"https:\/\/folderedukacije.com\/wp-content\/uploads\/2025\/04\/folder.png\" \/>\n\t<meta property=\"og:image:width\" content=\"222\" \/>\n\t<meta property=\"og:image:height\" content=\"227\" \/>\n\t<meta property=\"og:image:type\" content=\"image\/png\" \/>\n<meta name=\"twitter:card\" content=\"summary_large_image\" \/>\n<meta name=\"twitter:label1\" content=\"Est. reading time\" \/>\n\t<meta name=\"twitter:data1\" content=\"3 minutes\" \/>\n<script type=\"application\/ld+json\" class=\"yoast-schema-graph\">{\"@context\":\"https:\\\/\\\/schema.org\",\"@graph\":[{\"@type\":\"WebPage\",\"@id\":\"https:\\\/\\\/folderedukacije.com\\\/blog-3-column\\\/\",\"url\":\"https:\\\/\\\/folderedukacije.com\\\/blog-3-column\\\/\",\"name\":\"Blog 3 Column - Folder edukacije\",\"isPartOf\":{\"@id\":\"https:\\\/\\\/folderedukacije.com\\\/#website\"},\"datePublished\":\"2021-08-19T08:38:32+00:00\",\"dateModified\":\"2025-08-11T13:52:41+00:00\",\"breadcrumb\":{\"@id\":\"https:\\\/\\\/folderedukacije.com\\\/blog-3-column\\\/#breadcrumb\"},\"inLanguage\":\"en-US\",\"potentialAction\":[{\"@type\":\"ReadAction\",\"target\":[\"https:\\\/\\\/folderedukacije.com\\\/blog-3-column\\\/\"]}]},{\"@type\":\"BreadcrumbList\",\"@id\":\"https:\\\/\\\/folderedukacije.com\\\/blog-3-column\\\/#breadcrumb\",\"itemListElement\":[{\"@type\":\"ListItem\",\"position\":1,\"name\":\"Home\",\"item\":\"https:\\\/\\\/folderedukacije.com\\\/\"},{\"@type\":\"ListItem\",\"position\":2,\"name\":\"Blog 3 Column\"}]},{\"@type\":\"WebSite\",\"@id\":\"https:\\\/\\\/folderedukacije.com\\\/#website\",\"url\":\"https:\\\/\\\/folderedukacije.com\\\/\",\"name\":\"Folder edukacije\",\"description\":\"\",\"publisher\":{\"@id\":\"https:\\\/\\\/folderedukacije.com\\\/#organization\"},\"potentialAction\":[{\"@type\":\"SearchAction\",\"target\":{\"@type\":\"EntryPoint\",\"urlTemplate\":\"https:\\\/\\\/folderedukacije.com\\\/?s={search_term_string}\"},\"query-input\":{\"@type\":\"PropertyValueSpecification\",\"valueRequired\":true,\"valueName\":\"search_term_string\"}}],\"inLanguage\":\"en-US\"},{\"@type\":\"Organization\",\"@id\":\"https:\\\/\\\/folderedukacije.com\\\/#organization\",\"name\":\"Folder edukacije\",\"url\":\"https:\\\/\\\/folderedukacije.com\\\/\",\"logo\":{\"@type\":\"ImageObject\",\"inLanguage\":\"en-US\",\"@id\":\"https:\\\/\\\/folderedukacije.com\\\/#\\\/schema\\\/logo\\\/image\\\/\",\"url\":\"https:\\\/\\\/folderedukacije.com\\\/wp-content\\\/uploads\\\/2025\\\/04\\\/folder.png\",\"contentUrl\":\"https:\\\/\\\/folderedukacije.com\\\/wp-content\\\/uploads\\\/2025\\\/04\\\/folder.png\",\"width\":222,\"height\":227,\"caption\":\"Folder edukacije\"},\"image\":{\"@id\":\"https:\\\/\\\/folderedukacije.com\\\/#\\\/schema\\\/logo\\\/image\\\/\"}}]}<\/script>\n<!-- \/ Yoast SEO plugin. -->","yoast_head_json":{"title":"Blog 3 Column - Folder edukacije","robots":{"index":"index","follow":"follow","max-snippet":"max-snippet:-1","max-image-preview":"max-image-preview:large","max-video-preview":"max-video-preview:-1"},"canonical":"https:\/\/folderedukacije.com\/en\/blog-3-column\/","og_locale":"en_US","og_type":"article","og_title":"Blog 3 Column - Folder edukacije","og_description":"BLOGDobrodo\u0161li na moj blogInspiracija, savjeti i najnovije temeOvdje \u0107ete prona\u0107i sve na\u0161e najnovije i najpopularnije blog postove iz razli\u010ditih oblasti. Bilo da tra\u017eite stru\u010dne savjete, inspirativne pri\u010de ili korisne informacije, na\u0161 blog je mjesto gdje mo\u017eete pro\u0161iriti znanje i pratiti aktuelne trendove. Redovno objavljujemo kvalitetan sadr\u017eaj koji \u0107e vas motivisati, informisati i zabaviti.","og_url":"https:\/\/folderedukacije.com\/en\/blog-3-column\/","og_site_name":"Folder edukacije","article_modified_time":"2025-08-11T13:52:41+00:00","og_image":[{"width":222,"height":227,"url":"https:\/\/folderedukacije.com\/wp-content\/uploads\/2025\/04\/folder.png","type":"image\/png"}],"twitter_card":"summary_large_image","twitter_misc":{"Est. reading time":"3 minutes"},"schema":{"@context":"https:\/\/schema.org","@graph":[{"@type":"WebPage","@id":"https:\/\/folderedukacije.com\/blog-3-column\/","url":"https:\/\/folderedukacije.com\/blog-3-column\/","name":"Blog 3 Column - Folder edukacije","isPartOf":{"@id":"https:\/\/folderedukacije.com\/#website"},"datePublished":"2021-08-19T08:38:32+00:00","dateModified":"2025-08-11T13:52:41+00:00","breadcrumb":{"@id":"https:\/\/folderedukacije.com\/blog-3-column\/#breadcrumb"},"inLanguage":"en-US","potentialAction":[{"@type":"ReadAction","target":["https:\/\/folderedukacije.com\/blog-3-column\/"]}]},{"@type":"BreadcrumbList","@id":"https:\/\/folderedukacije.com\/blog-3-column\/#breadcrumb","itemListElement":[{"@type":"ListItem","position":1,"name":"Home","item":"https:\/\/folderedukacije.com\/"},{"@type":"ListItem","position":2,"name":"Blog 3 Column"}]},{"@type":"WebSite","@id":"https:\/\/folderedukacije.com\/#website","url":"https:\/\/folderedukacije.com\/","name":"Folder edukacije","description":"","publisher":{"@id":"https:\/\/folderedukacije.com\/#organization"},"potentialAction":[{"@type":"SearchAction","target":{"@type":"EntryPoint","urlTemplate":"https:\/\/folderedukacije.com\/?s={search_term_string}"},"query-input":{"@type":"PropertyValueSpecification","valueRequired":true,"valueName":"search_term_string"}}],"inLanguage":"en-US"},{"@type":"Organization","@id":"https:\/\/folderedukacije.com\/#organization","name":"Folder edukacije","url":"https:\/\/folderedukacije.com\/","logo":{"@type":"ImageObject","inLanguage":"en-US","@id":"https:\/\/folderedukacije.com\/#\/schema\/logo\/image\/","url":"https:\/\/folderedukacije.com\/wp-content\/uploads\/2025\/04\/folder.png","contentUrl":"https:\/\/folderedukacije.com\/wp-content\/uploads\/2025\/04\/folder.png","width":222,"height":227,"caption":"Folder edukacije"},"image":{"@id":"https:\/\/folderedukacije.com\/#\/schema\/logo\/image\/"}}]}},"_links":{"self":[{"href":"https:\/\/folderedukacije.com\/en\/wp-json\/wp\/v2\/pages\/90836","targetHints":{"allow":["GET"]}}],"collection":[{"href":"https:\/\/folderedukacije.com\/en\/wp-json\/wp\/v2\/pages"}],"about":[{"href":"https:\/\/folderedukacije.com\/en\/wp-json\/wp\/v2\/types\/page"}],"author":[{"embeddable":true,"href":"https:\/\/folderedukacije.com\/en\/wp-json\/wp\/v2\/users\/1"}],"replies":[{"embeddable":true,"href":"https:\/\/folderedukacije.com\/en\/wp-json\/wp\/v2\/comments?post=90836"}],"version-history":[{"count":0,"href":"https:\/\/folderedukacije.com\/en\/wp-json\/wp\/v2\/pages\/90836\/revisions"}],"wp:attachment":[{"href":"https:\/\/folderedukacije.com\/en\/wp-json\/wp\/v2\/media?parent=90836"}],"curies":[{"name":"wp","href":"https:\/\/api.w.org\/{rel}","templated":true}]}}